{"id":295072,"date":"2021-11-02T19:35:03","date_gmt":"2021-11-02T18:35:03","guid":{"rendered":"https:\/\/www.steinbeis-sibe.de\/sibe\/locations\/"},"modified":"2025-11-19T09:20:31","modified_gmt":"2025-11-19T08:20:31","slug":"locations","status":"publish","type":"page","link":"https:\/\/www.steinbeis-sibe.de\/en\/sibe\/locations\/","title":{"rendered":"Locations"},"content":{"rendered":"<p>[et_pb_section fb_built=&#8221;1&#8243; admin_label=&#8221;About Page V1 &#8211; Header &#8211; Tina&#8221; module_class=&#8221;tina_careers_header&#8221; _builder_version=&#8221;4.16&#8243; custom_padding=&#8221;0px||0px||false|false&#8221; locked=&#8221;off&#8221; global_colors_info=&#8221;{}&#8221;][et_pb_row admin_label=&#8221;About Page V1 &#8211; Header &#8211; Tina &#8211; Row&#8221; _builder_version=&#8221;4.16&#8243; width=&#8221;100%&#8221; max_width=&#8221;100%&#8221; custom_padding=&#8221;0px||0px||false|false&#8221; global_colors_info=&#8221;{}&#8221;][et_pb_column type=&#8221;4_4&#8243; _builder_version=&#8221;4.16&#8243; global_colors_info=&#8221;{}&#8221;][et_pb_image src=&#8221;https:\/\/www.steinbeis-sibe.de\/wp-content\/uploads\/2021\/09\/SIBE_Aussenansicht-3-Header.jpg&#8221; title_text=&#8221;SIBE_Aussenansicht-3-Header&#8221; force_fullwidth=&#8221;on&#8221; admin_label=&#8221;About Page V1 &#8211; Header &#8211; Tina &#8211; Image &#8211; 1900x429px&#8221; _builder_version=&#8221;4.16&#8243; global_colors_info=&#8221;{}&#8221;][\/et_pb_image][\/et_pb_column][\/et_pb_row][et_pb_row admin_label=&#8221;About Page V1 &#8211; Header &#8211; Tina &#8211; Row&#8221; _builder_version=&#8221;4.16&#8243; width=&#8221;90%&#8221; max_width=&#8221;1180px&#8221; custom_padding=&#8221;0px||0px||false|false&#8221; global_colors_info=&#8221;{}&#8221;][et_pb_column type=&#8221;4_4&#8243; _builder_version=&#8221;4.16&#8243; global_colors_info=&#8221;{}&#8221;][et_pb_text admin_label=&#8221;About Page V1 &#8211; Header &#8211; Tina &#8211; Text&#8221; _builder_version=&#8221;4.16&#8243; text_font=&#8221;||||||||&#8221; text_text_color=&#8221;#ffffff&#8221; text_font_size=&#8221;130px&#8221; text_line_height=&#8221;1.2em&#8221; header_font=&#8221;|800|||||||&#8221; custom_margin=&#8221;-122px||||false|false&#8221; custom_margin_tablet=&#8221;-84px||||false|false&#8221; custom_margin_phone=&#8221;-37px||||false|false&#8221; custom_margin_last_edited=&#8221;on|phone&#8221; text_font_size_tablet=&#8221;90px&#8221; text_font_size_phone=&#8221;40px&#8221; text_font_size_last_edited=&#8221;on|desktop&#8221; global_colors_info=&#8221;{}&#8221;]<\/p>\n<p>Locations<\/p>\n<p>[\/et_pb_text][\/et_pb_column][\/et_pb_row][\/et_pb_section][et_pb_section fb_built=&#8221;1&#8243; _builder_version=&#8221;4.16&#8243; _module_preset=&#8221;eb62bc37-1577-4601-9734-3c5af6767899&#8243; sticky_offset_top=&#8221;58px&#8221; sticky_offset_surrounding=&#8221;on&#8221; sticky_transition=&#8221;on&#8221; locked=&#8221;off&#8221; global_colors_info=&#8221;{}&#8221;][et_pb_row _builder_version=&#8221;4.16&#8243; _module_preset=&#8221;ba601a15-9f30-4a87-898b-2f7cb8b2fcab&#8221; global_colors_info=&#8221;{}&#8221;][et_pb_column type=&#8221;4_4&#8243; _builder_version=&#8221;4.16&#8243; _module_preset=&#8221;default&#8221; global_colors_info=&#8221;{}&#8221;][et_pb_menu menu_id=&#8221;65&#8243; _builder_version=&#8221;4.16&#8243; _module_preset=&#8221;8edccd34-3912-4b4d-b26c-0765567b045d&#8221; global_colors_info=&#8221;{}&#8221;][\/et_pb_menu][\/et_pb_column][\/et_pb_row][\/et_pb_section][et_pb_section fb_built=&#8221;1&#8243; admin_label=&#8221;Backdoor Man Content &#8211; Tina&#8221; _builder_version=&#8221;4.16&#8243; _module_preset=&#8221;11738426-896a-4670-bdbe-29167856782a&#8221; custom_padding=&#8221;60px||60px||true|false&#8221; collapsed=&#8221;off&#8221; global_colors_info=&#8221;{}&#8221;][et_pb_row use_custom_gutter=&#8221;on&#8221; custom_padding_last_edited=&#8221;off|desktop&#8221; admin_label=&#8221;To change 01 text and colour go to module settings &#8211; Advanced &#8211; Custom CSS &#8211; Row&#8221; _builder_version=&#8221;4.16&#8243; width=&#8221;90%&#8221; min_height=&#8221;100px&#8221; custom_padding_tablet=&#8221;||||false|false&#8221; custom_padding_phone=&#8221;|||60px|false|false&#8221; global_colors_info=&#8221;{}&#8221;][et_pb_column type=&#8221;4_4&#8243; _builder_version=&#8221;4.16&#8243; global_colors_info=&#8221;{}&#8221;][et_pb_text admin_label=&#8221;Backdoor Man Content &#8211; Tina &#8211; Text&#8221; _builder_version=&#8221;4.16&#8243; text_text_color=&#8221;#232323&#8243; text_font_size=&#8221;42px&#8221; text_line_height=&#8221;120%&#8221; header_2_text_color=&#8221;#1e1e26&#8243; header_2_font_size=&#8221;48px&#8221; header_2_letter_spacing=&#8221;-0.3px&#8221; header_2_line_height=&#8221;120%&#8221; custom_margin=&#8221;||||false|false&#8221; custom_margin_tablet=&#8221;||20px||false|false&#8221; custom_margin_phone=&#8221;&#8221; custom_margin_last_edited=&#8221;on|desktop&#8221; custom_padding=&#8221;||||false|false&#8221; text_font_size_tablet=&#8221;36px&#8221; text_font_size_phone=&#8221;26px&#8221; text_font_size_last_edited=&#8221;on|phone&#8221; header_2_font_size_tablet=&#8221;36px&#8221; header_2_font_size_phone=&#8221;24px&#8221; header_2_font_size_last_edited=&#8221;on|phone&#8221; global_colors_info=&#8221;{}&#8221;]<\/p>\n<h1>SIBE locations<\/h1>\n<p>[\/et_pb_text][\/et_pb_column][\/et_pb_row][et_pb_row _builder_version=&#8221;4.16&#8243; _module_preset=&#8221;default&#8221; global_colors_info=&#8221;{}&#8221;][et_pb_column type=&#8221;4_4&#8243; _builder_version=&#8221;4.16&#8243; _module_preset=&#8221;default&#8221; global_colors_info=&#8221;{}&#8221;][et_pb_map address=&#8221;Frankfurt am Main, Deutschland&#8221; zoom_level=&#8221;2&#8243; address_lat=&#8221;33.23528164377&#8243; address_lng=&#8221;22.0415017&#8243; mouse_wheel=&#8221;off&#8221; use_grayscale_filter=&#8221;on&#8221; _builder_version=&#8221;4.16&#8243; _module_preset=&#8221;default&#8221; locked=&#8221;off&#8221; global_colors_info=&#8221;{}&#8221;][et_pb_map_pin title=&#8221;Steinbeis House Herrenberg&#8221; pin_address=&#8221;Kalkofenstra\u00dfe 53, 71083 Herrenberg, Deutschland&#8221; pin_address_lat=&#8221;48.5933552&#8243; pin_address_lng=&#8221;8.8596552&#8243; _builder_version=&#8221;4.13.1&#8243; _module_preset=&#8221;default&#8221; global_colors_info=&#8221;{}&#8221;]<\/p>\n<p>Kalkofenstra\u00dfe 53<br \/>71083 Herrenberg<\/p>\n<p>[\/et_pb_map_pin][et_pb_map_pin title=&#8221;SIBE location Stuttgart&#8221; pin_address=&#8221;Filderhauptstra\u00dfe 142, 70599 Stuttgart, Deutschland&#8221; pin_address_lat=&#8221;48.7113012&#8243; pin_address_lng=&#8221;9.203528&#8243; _builder_version=&#8221;4.13.1&#8243; _module_preset=&#8221;default&#8221; global_colors_info=&#8221;{}&#8221;]<\/p>\n<p>Filderhauptstra\u00dfe 142<br \/>70599 Stuttgart<\/p>\n<p>[\/et_pb_map_pin][et_pb_map_pin title=&#8221;SIBE location Munich&#8221; pin_address=&#8221;Klenzestra\u00dfe 3, 80469 M\u00fcnchen, Deutschland&#8221; pin_address_lat=&#8221;48.1335469&#8243; pin_address_lng=&#8221;11.5793632&#8243; _builder_version=&#8221;4.13.1&#8243; _module_preset=&#8221;default&#8221; global_colors_info=&#8221;{}&#8221;]<\/p>\n<p>Klenzestra\u00dfe 3<br \/>80469 M\u00fcnchen<\/p>\n<p>[\/et_pb_map_pin][et_pb_map_pin title=&#8221;SIBE location Nuremberg&#8221; pin_address=&#8221;Albrecht-D\u00fcrer-Platz 4, 90403 N\u00fcrnberg, Deutschland&#8221; pin_address_lat=&#8221;49.4558409&#8243; pin_address_lng=&#8221;11.0762937&#8243; _builder_version=&#8221;4.13.1&#8243; _module_preset=&#8221;default&#8221; global_colors_info=&#8221;{}&#8221;]<\/p>\n<p>Albrecht-D\u00fcrer-Platz 4<br \/>90403 N\u00fcrnberg<\/p>\n<p>[\/et_pb_map_pin][et_pb_map_pin title=&#8221;SIBE location Brazil&#8221; pin_address=&#8221;Bras\u00eclia shopping &#8211; Asa Norte, Bras\u00edlia &#8211; DF, 70740-610, Brasilien&#8221; pin_address_lat=&#8221;-15.786767&#8243; pin_address_lng=&#8221;-47.8889043&#8243; _builder_version=&#8221;4.13.1&#8243; _module_preset=&#8221;default&#8221; global_colors_info=&#8221;{}&#8221;][\/et_pb_map_pin][et_pb_map_pin title=&#8221;SIBE location China&#8221; pin_address=&#8221;Xuzhuang Software Park, Xuanwu Qu, Nanjing Shi, China&#8221; pin_address_lat=&#8221;32.096912&#8243; pin_address_lng=&#8221;118.884445&#8243; _builder_version=&#8221;4.13.1&#8243; _module_preset=&#8221;default&#8221; global_colors_info=&#8221;{}&#8221;][\/et_pb_map_pin][\/et_pb_map][\/et_pb_column][\/et_pb_row][et_pb_row column_structure=&#8221;1_3,1_3,1_3&#8243; make_equal=&#8221;on&#8221; _builder_version=&#8221;4.16&#8243; _module_preset=&#8221;default&#8221; global_colors_info=&#8221;{}&#8221;][et_pb_column type=&#8221;1_3&#8243; _builder_version=&#8221;4.16&#8243; _module_preset=&#8221;default&#8221; global_colors_info=&#8221;{}&#8221;][et_pb_blurb title=&#8221;Steinbeis House Herrenberg&#8221; admin_label=&#8221;Every Inch Blurbs &#8211; Tina &#8211; Blurb &#8211; icon 26x26px&#8221; _builder_version=&#8221;4.16&#8243; _module_preset=&#8221;default&#8221; header_level=&#8221;h3&#8243; header_font=&#8221;Barlow|700|||||||&#8221; header_font_size=&#8221;18px&#8221; body_line_height=&#8221;1.5em&#8221; body_link_text_color=&#8221;#232323&#8243; background_enable_color=&#8221;off&#8221; module_alignment=&#8221;left&#8221; custom_margin=&#8221;||15px||false|false&#8221; custom_padding=&#8221;20px|45px|4px|24px|false|false&#8221; custom_css_blurb_content=&#8221;    font-weight: 400;&#8221; border_width_top=&#8221;3px&#8221; border_color_top=&#8221;#DEC79B&#8221; locked=&#8221;off&#8221; global_colors_info=&#8221;{}&#8221; icon_color__hover_enabled=&#8221;on|desktop&#8221; icon_color__hover=&#8221;#001CAC&#8221; background__hover_enabled=&#8221;on|desktop&#8221;]<\/p>\n<p>SCHOOL OF INTERNATIONAL BUSINESS AND ENTREPRENEURSHIP (SIBE) of the Steinbeis University of Applied Sciences<\/p>\n<p>Kalkofenstra\u00dfe 53<br \/>71083 Herrenberg<\/p>\n<p>E-mail: <a href=\"mailto:info@steinbeis-sibe.de\">info@steinbeis-sibe.de<\/a><br \/>Tel: +49 (0) 7032 &#8211; 94 58-0<\/p>\n<p>[\/et_pb_blurb][et_pb_button button_url=&#8221;https:\/\/www.google.com\/maps\/place\/Steinbeis+School+of+International+Business+and+Entrepreneurship+(SIBE)+GmbH\/@48.5934776,8.8573803,17z\/data=!3m1!4b1!4m5!3m4!1s0x4797591bc8741b83:0xa4e7a796d7985f57!8m2!3d48.5934776!4d8.859569&#8243; url_new_window=&#8221;on&#8221; button_text=&#8221;open in Google Maps&#8221; _builder_version=&#8221;4.16&#8243; _module_preset=&#8221;fa173aaa-7194-4673-86ab-209acfab386e&#8221; custom_margin=&#8221;||||false|false&#8221; custom_padding=&#8221;0px|45px|0px|24px|false|false&#8221; global_colors_info=&#8221;{}&#8221; background__hover_enabled=&#8221;on|desktop&#8221;][\/et_pb_button][\/et_pb_column][et_pb_column type=&#8221;1_3&#8243; _builder_version=&#8221;4.16&#8243; _module_preset=&#8221;default&#8221; global_colors_info=&#8221;{}&#8221;][et_pb_blurb title=&#8221;SIBE location Brazil&#8221; admin_label=&#8221;Every Inch Blurbs &#8211; Tina &#8211; Blurb &#8211; icon 26x26px&#8221; _builder_version=&#8221;4.16&#8243; header_level=&#8221;h3&#8243; header_font=&#8221;Barlow|700|||||||&#8221; header_font_size=&#8221;18px&#8221; body_line_height=&#8221;1.5em&#8221; background_enable_color=&#8221;off&#8221; module_alignment=&#8221;left&#8221; custom_margin=&#8221;||15px||false|false&#8221; custom_padding=&#8221;20px|45px|4px|24px|false|false&#8221; custom_css_blurb_content=&#8221;    font-weight: 400;&#8221; border_width_top=&#8221;3px&#8221; border_color_top=&#8221;#DEC79B&#8221; locked=&#8221;off&#8221; global_colors_info=&#8221;{}&#8221; icon_color__hover_enabled=&#8221;on|desktop&#8221; icon_color__hover=&#8221;#001CAC&#8221; background__hover_enabled=&#8221;on|desktop&#8221;]<\/p>\n<p>Steinbeis-SIBE do Brasil<\/p>\n<p>SCN Quadra 05, Bloco A ,<br \/>Torre Norte, Salas 429 a 431, Bras\u00edlia Shopping, Asa Norte, Bras\u00edlia &#8211; DF<\/p>\n<p>CEP: 70715-900,<br \/>Tel.: +55 (61) 3327-0047;<br \/>E-mail: informacoes@steinbeis-sibe.com.br<\/p>\n<p>[\/et_pb_blurb][et_pb_button button_url=&#8221;https:\/\/www.google.com\/maps\/search\/SCN+Quadra+05,+Bloco+A+,+Torre+Norte,+Salas+429+a+431,+Bras%C3%ADlia+Shopping,+Asa+Norte,+Bras%C3%ADlia\/@-15.7867618,-47.8910983,17z\/data=!3m1!4b1&#8243; url_new_window=&#8221;on&#8221; button_text=&#8221;open in Google Maps&#8221; _builder_version=&#8221;4.16&#8243; _module_preset=&#8221;fa173aaa-7194-4673-86ab-209acfab386e&#8221; custom_margin=&#8221;||||false|false&#8221; custom_padding=&#8221;0px|45px|0px|24px|false|false&#8221; locked=&#8221;off&#8221; global_colors_info=&#8221;{}&#8221; background__hover_enabled=&#8221;on|desktop&#8221;][\/et_pb_button][\/et_pb_column][et_pb_column type=&#8221;1_3&#8243; _builder_version=&#8221;4.16&#8243; _module_preset=&#8221;default&#8221; global_colors_info=&#8221;{}&#8221;][et_pb_blurb title=&#8221;SIBE location China&#8221; admin_label=&#8221;Every Inch Blurbs &#8211; Tina &#8211; Blurb &#8211; icon 26x26px&#8221; _builder_version=&#8221;4.16&#8243; header_level=&#8221;h3&#8243; header_font=&#8221;Barlow|700|||||||&#8221; header_font_size=&#8221;18px&#8221; body_line_height=&#8221;1.5em&#8221; background_enable_color=&#8221;off&#8221; module_alignment=&#8221;left&#8221; custom_margin=&#8221;||15px||false|false&#8221; custom_padding=&#8221;20px|45px|4px|24px|false|false&#8221; custom_css_blurb_content=&#8221;    font-weight: 400;&#8221; border_width_top=&#8221;3px&#8221; border_color_top=&#8221;#DEC79B&#8221; locked=&#8221;off&#8221; global_colors_info=&#8221;{}&#8221; icon_color__hover_enabled=&#8221;on|desktop&#8221; icon_color__hover=&#8221;#001CAC&#8221; background__hover_enabled=&#8221;on|desktop&#8221;]<\/p>\n<p>Steinbeis China Center<\/p>\n<p>2nd Floor, Block 4, 6 Xuzhuang Rd, Xuzhuang Software Park, Xuanwu District<br \/>Nanjing, 210042, China<\/p>\n<p>Email: info@steinbeis.io<\/p>\n<p>[\/et_pb_blurb][et_pb_button button_url=&#8221;https:\/\/www.google.com\/maps\/place\/Xu+Zhuang+Lu,+Xuanwu+Qu,+Nanjing+Shi,+Jiangsu+Sheng,+China\/@32.0927994,118.8756003,17z\/data=!3m1!4b1!4m5!3m4!1s0x35b5eda1ce6f176b:0xae73ea3b901add32!8m2!3d32.0927949!4d118.8777943&#8243; url_new_window=&#8221;on&#8221; button_text=&#8221;open in Google Maps&#8221; _builder_version=&#8221;4.16&#8243; _module_preset=&#8221;fa173aaa-7194-4673-86ab-209acfab386e&#8221; custom_margin=&#8221;||||false|false&#8221; custom_padding=&#8221;0px|45px|0px|24px|false|false&#8221; locked=&#8221;off&#8221; global_colors_info=&#8221;{}&#8221; background__hover_enabled=&#8221;on|desktop&#8221;][\/et_pb_button][\/et_pb_column][\/et_pb_row][\/et_pb_section]<\/p>\n","protected":false},"excerpt":{"rendered":"<p>LocationsSIBE locationsKalkofenstra\u00dfe 5371083 HerrenbergFilderhauptstra\u00dfe 14270599 StuttgartKlenzestra\u00dfe 380469 M\u00fcnchenAlbrecht-D\u00fcrer-Platz 490403 N\u00fcrnbergSCHOOL OF INTERNATIONAL BUSINESS AND ENTREPRENEURSHIP (SIBE) of the Steinbeis University of Applied Sciences Kalkofenstra\u00dfe 5371083 Herrenberg E-mail: info@steinbeis-sibe.deTel: +49 (0) 7032 &#8211; 94 58-0Steinbeis-SIBE do Brasil SCN Quadra 05, Bloco A ,Torre Norte, Salas 429 a 431, Bras\u00edlia Shopping, Asa Norte, Bras\u00edlia &#8211; DF CEP: [&hellip;]<\/p>\n","protected":false},"author":1,"featured_media":0,"parent":295005,"menu_order":5,"comment_status":"closed","ping_status":"closed","template":"","meta":{"_acf_changed":false,"_et_pb_use_builder":"on","_et_pb_old_content":"","_et_gb_content_width":"","footnotes":""},"dipi_cpt_category":[],"class_list":["post-295072","page","type-page","status-publish","hentry"],"acf":[],"yoast_head":"<!-- This site is optimized with the Yoast SEO Premium plugin v27.2 (Yoast SEO v27.3) - https:\/\/yoast.com\/product\/yoast-seo-premium-wordpress\/ -->\n<title>Locations &#8211; SIBE | Steinbeis-Hochschule<\/title>\n<meta name=\"robots\" content=\"index, follow, max-snippet:-1, max-image-preview:large, max-video-preview:-1\" \/>\n<link rel=\"canonical\" href=\"https:\/\/www.steinbeis-sibe.de\/en\/sibe\/locations\/\" \/>\n<meta property=\"og:locale\" content=\"en_US\" \/>\n<meta property=\"og:type\" content=\"article\" \/>\n<meta property=\"og:title\" content=\"Locations\" \/>\n<meta property=\"og:description\" content=\"LocationsSIBE locationsKalkofenstra\u00dfe 5371083 HerrenbergFilderhauptstra\u00dfe 14270599 StuttgartKlenzestra\u00dfe 380469 M\u00fcnchenAlbrecht-D\u00fcrer-Platz 490403 N\u00fcrnbergSCHOOL OF INTERNATIONAL BUSINESS AND ENTREPRENEURSHIP (SIBE) of the Steinbeis University of Applied Sciences Kalkofenstra\u00dfe 5371083 Herrenberg E-mail: info@steinbeis-sibe.deTel: +49 (0) 7032 - 94 58-0Steinbeis-SIBE do Brasil SCN Quadra 05, Bloco A ,Torre Norte, Salas 429 a 431, Bras\u00edlia Shopping, Asa Norte, Bras\u00edlia - DF CEP: [&hellip;]\" \/>\n<meta property=\"og:site_name\" content=\"SIBE | Steinbeis-Hochschule\" \/>\n<meta property=\"article:modified_time\" content=\"2025-11-19T08:20:31+00:00\" \/>\n<meta name=\"twitter:card\" content=\"summary_large_image\" \/>\n<script type=\"application\/ld+json\" class=\"yoast-schema-graph\">{\"@context\":\"https:\\\/\\\/schema.org\",\"@graph\":[{\"@type\":\"WebPage\",\"@id\":\"https:\\\/\\\/www.steinbeis-sibe.de\\\/en\\\/sibe\\\/locations\\\/\",\"url\":\"https:\\\/\\\/www.steinbeis-sibe.de\\\/en\\\/sibe\\\/locations\\\/\",\"name\":\"Locations &#8211; SIBE | Steinbeis-Hochschule\",\"isPartOf\":{\"@id\":\"https:\\\/\\\/www.steinbeis-sibe.de\\\/en\\\/#website\"},\"datePublished\":\"2021-11-02T18:35:03+00:00\",\"dateModified\":\"2025-11-19T08:20:31+00:00\",\"breadcrumb\":{\"@id\":\"https:\\\/\\\/www.steinbeis-sibe.de\\\/en\\\/sibe\\\/locations\\\/#breadcrumb\"},\"inLanguage\":\"en-US\",\"potentialAction\":[{\"@type\":\"ReadAction\",\"target\":[\"https:\\\/\\\/www.steinbeis-sibe.de\\\/en\\\/sibe\\\/locations\\\/\"]}]},{\"@type\":\"BreadcrumbList\",\"@id\":\"https:\\\/\\\/www.steinbeis-sibe.de\\\/en\\\/sibe\\\/locations\\\/#breadcrumb\",\"itemListElement\":[{\"@type\":\"ListItem\",\"position\":1,\"name\":\"Startseite\",\"item\":\"https:\\\/\\\/www.steinbeis-sibe.de\\\/en\\\/home\\\/\"},{\"@type\":\"ListItem\",\"position\":2,\"name\":\"SIBE\",\"item\":\"https:\\\/\\\/www.steinbeis-sibe.de\\\/en\\\/sibe\\\/\"},{\"@type\":\"ListItem\",\"position\":3,\"name\":\"Locations\"}]},{\"@type\":\"WebSite\",\"@id\":\"https:\\\/\\\/www.steinbeis-sibe.de\\\/en\\\/#website\",\"url\":\"https:\\\/\\\/www.steinbeis-sibe.de\\\/en\\\/\",\"name\":\"SIBE | Steinbeis-Hochschule\",\"description\":\"Create Your Future: Masterprogramme seit mehr als 25 Jahren.\",\"publisher\":{\"@id\":\"https:\\\/\\\/www.steinbeis-sibe.de\\\/en\\\/#organization\"},\"potentialAction\":[{\"@type\":\"SearchAction\",\"target\":{\"@type\":\"EntryPoint\",\"urlTemplate\":\"https:\\\/\\\/www.steinbeis-sibe.de\\\/en\\\/?s={search_term_string}\"},\"query-input\":{\"@type\":\"PropertyValueSpecification\",\"valueRequired\":true,\"valueName\":\"search_term_string\"}}],\"inLanguage\":\"en-US\"},{\"@type\":\"Organization\",\"@id\":\"https:\\\/\\\/www.steinbeis-sibe.de\\\/en\\\/#organization\",\"name\":\"Steinbeis School of International Business and Entrepreneurship SIBE\",\"url\":\"https:\\\/\\\/www.steinbeis-sibe.de\\\/en\\\/\",\"logo\":{\"@type\":\"ImageObject\",\"inLanguage\":\"en-US\",\"@id\":\"https:\\\/\\\/www.steinbeis-sibe.de\\\/en\\\/#\\\/schema\\\/logo\\\/image\\\/\",\"url\":\"https:\\\/\\\/www.steinbeis-sibe.de\\\/wp-content\\\/uploads\\\/2020\\\/09\\\/SIBE_Verbundlogo_2019_schwarz.png\",\"contentUrl\":\"https:\\\/\\\/www.steinbeis-sibe.de\\\/wp-content\\\/uploads\\\/2020\\\/09\\\/SIBE_Verbundlogo_2019_schwarz.png\",\"width\":582,\"height\":129,\"caption\":\"Steinbeis School of International Business and Entrepreneurship SIBE\"},\"image\":{\"@id\":\"https:\\\/\\\/www.steinbeis-sibe.de\\\/en\\\/#\\\/schema\\\/logo\\\/image\\\/\"}}]}<\/script>\n<!-- \/ Yoast SEO Premium plugin. -->","yoast_head_json":{"title":"Locations &#8211; SIBE | Steinbeis-Hochschule","robots":{"index":"index","follow":"follow","max-snippet":"max-snippet:-1","max-image-preview":"max-image-preview:large","max-video-preview":"max-video-preview:-1"},"canonical":"https:\/\/www.steinbeis-sibe.de\/en\/sibe\/locations\/","og_locale":"en_US","og_type":"article","og_title":"Locations","og_site_name":"SIBE | Steinbeis-Hochschule","article_modified_time":"2025-11-19T08:20:31+00:00","twitter_card":"summary_large_image","schema":{"@context":"https:\/\/schema.org","@graph":[{"@type":"WebPage","@id":"https:\/\/www.steinbeis-sibe.de\/en\/sibe\/locations\/","url":"https:\/\/www.steinbeis-sibe.de\/en\/sibe\/locations\/","name":"Locations &#8211; SIBE | Steinbeis-Hochschule","isPartOf":{"@id":"https:\/\/www.steinbeis-sibe.de\/en\/#website"},"datePublished":"2021-11-02T18:35:03+00:00","dateModified":"2025-11-19T08:20:31+00:00","breadcrumb":{"@id":"https:\/\/www.steinbeis-sibe.de\/en\/sibe\/locations\/#breadcrumb"},"inLanguage":"en-US","potentialAction":[{"@type":"ReadAction","target":["https:\/\/www.steinbeis-sibe.de\/en\/sibe\/locations\/"]}]},{"@type":"BreadcrumbList","@id":"https:\/\/www.steinbeis-sibe.de\/en\/sibe\/locations\/#breadcrumb","itemListElement":[{"@type":"ListItem","position":1,"name":"Startseite","item":"https:\/\/www.steinbeis-sibe.de\/en\/home\/"},{"@type":"ListItem","position":2,"name":"SIBE","item":"https:\/\/www.steinbeis-sibe.de\/en\/sibe\/"},{"@type":"ListItem","position":3,"name":"Locations"}]},{"@type":"WebSite","@id":"https:\/\/www.steinbeis-sibe.de\/en\/#website","url":"https:\/\/www.steinbeis-sibe.de\/en\/","name":"SIBE | Steinbeis-Hochschule","description":"Create Your Future: Masterprogramme seit mehr als 25 Jahren.","publisher":{"@id":"https:\/\/www.steinbeis-sibe.de\/en\/#organization"},"potentialAction":[{"@type":"SearchAction","target":{"@type":"EntryPoint","urlTemplate":"https:\/\/www.steinbeis-sibe.de\/en\/?s={search_term_string}"},"query-input":{"@type":"PropertyValueSpecification","valueRequired":true,"valueName":"search_term_string"}}],"inLanguage":"en-US"},{"@type":"Organization","@id":"https:\/\/www.steinbeis-sibe.de\/en\/#organization","name":"Steinbeis School of International Business and Entrepreneurship SIBE","url":"https:\/\/www.steinbeis-sibe.de\/en\/","logo":{"@type":"ImageObject","inLanguage":"en-US","@id":"https:\/\/www.steinbeis-sibe.de\/en\/#\/schema\/logo\/image\/","url":"https:\/\/www.steinbeis-sibe.de\/wp-content\/uploads\/2020\/09\/SIBE_Verbundlogo_2019_schwarz.png","contentUrl":"https:\/\/www.steinbeis-sibe.de\/wp-content\/uploads\/2020\/09\/SIBE_Verbundlogo_2019_schwarz.png","width":582,"height":129,"caption":"Steinbeis School of International Business and Entrepreneurship SIBE"},"image":{"@id":"https:\/\/www.steinbeis-sibe.de\/en\/#\/schema\/logo\/image\/"}}]}},"_links":{"self":[{"href":"https:\/\/www.steinbeis-sibe.de\/en\/wp-json\/wp\/v2\/pages\/295072","targetHints":{"allow":["GET"]}}],"collection":[{"href":"https:\/\/www.steinbeis-sibe.de\/en\/wp-json\/wp\/v2\/pages"}],"about":[{"href":"https:\/\/www.steinbeis-sibe.de\/en\/wp-json\/wp\/v2\/types\/page"}],"author":[{"embeddable":true,"href":"https:\/\/www.steinbeis-sibe.de\/en\/wp-json\/wp\/v2\/users\/1"}],"replies":[{"embeddable":true,"href":"https:\/\/www.steinbeis-sibe.de\/en\/wp-json\/wp\/v2\/comments?post=295072"}],"version-history":[{"count":9,"href":"https:\/\/www.steinbeis-sibe.de\/en\/wp-json\/wp\/v2\/pages\/295072\/revisions"}],"predecessor-version":[{"id":306114,"href":"https:\/\/www.steinbeis-sibe.de\/en\/wp-json\/wp\/v2\/pages\/295072\/revisions\/306114"}],"up":[{"embeddable":true,"href":"https:\/\/www.steinbeis-sibe.de\/en\/wp-json\/wp\/v2\/pages\/295005"}],"wp:attachment":[{"href":"https:\/\/www.steinbeis-sibe.de\/en\/wp-json\/wp\/v2\/media?parent=295072"}],"wp:term":[{"taxonomy":"dipi_cpt_category","embeddable":true,"href":"https:\/\/www.steinbeis-sibe.de\/en\/wp-json\/wp\/v2\/dipi_cpt_category?post=295072"}],"curies":[{"name":"wp","href":"https:\/\/api.w.org\/{rel}","templated":true}]}}