{"id":295083,"date":"2021-11-02T19:35:04","date_gmt":"2021-11-02T18:35:04","guid":{"rendered":"https:\/\/www.steinbeis-sibe.de\/about-us\/history\/"},"modified":"2025-10-20T10:55:06","modified_gmt":"2025-10-20T08:55:06","slug":"history","status":"publish","type":"page","link":"https:\/\/www.steinbeis-sibe.de\/en\/sibe\/about-us\/history\/","title":{"rendered":"History"},"content":{"rendered":"<p>[et_pb_section fb_built=&#8221;1&#8243; admin_label=&#8221;About Page V1 &#8211; Header &#8211; Tina&#8221; module_class=&#8221;tina_careers_header&#8221; _builder_version=&#8221;4.4.0&#8243; custom_padding=&#8221;0px||0px||false|false&#8221; locked=&#8221;off&#8221; global_colors_info=&#8221;{}&#8221;][et_pb_row admin_label=&#8221;About Page V1 &#8211; Header &#8211; Tina &#8211; Row&#8221; _builder_version=&#8221;4.4.0&#8243; width=&#8221;100%&#8221; max_width=&#8221;100%&#8221; custom_padding=&#8221;0px||0px||false|false&#8221; global_colors_info=&#8221;{}&#8221;][et_pb_column type=&#8221;4_4&#8243; _builder_version=&#8221;4.4.0&#8243; global_colors_info=&#8221;{}&#8221;][et_pb_image src=&#8221;https:\/\/www.steinbeis-sibe.de\/wp-content\/uploads\/2021\/09\/SIBE_Aussenansicht-3-Header.jpg&#8221; title_text=&#8221;SIBE_Aussenansicht-3-Header&#8221; force_fullwidth=&#8221;on&#8221; admin_label=&#8221;About Page V1 &#8211; Header &#8211; Tina &#8211; Image &#8211; 1900x429px&#8221; _builder_version=&#8221;4.10.8&#8243; global_colors_info=&#8221;{}&#8221;][\/et_pb_image][\/et_pb_column][\/et_pb_row][et_pb_row admin_label=&#8221;About Page V1 &#8211; Header &#8211; Tina &#8211; Row&#8221; _builder_version=&#8221;4.7.4&#8243; width=&#8221;90%&#8221; max_width=&#8221;1180px&#8221; custom_padding=&#8221;0px||0px||false|false&#8221; global_colors_info=&#8221;{}&#8221;][et_pb_column type=&#8221;4_4&#8243; _builder_version=&#8221;4.4.0&#8243; global_colors_info=&#8221;{}&#8221;][et_pb_text admin_label=&#8221;About Page V1 &#8211; Header &#8211; Tina &#8211; Text&#8221; _builder_version=&#8221;4.10.6&#8243; text_font=&#8221;||||||||&#8221; text_text_color=&#8221;#ffffff&#8221; text_font_size=&#8221;130px&#8221; text_line_height=&#8221;1.2em&#8221; header_font=&#8221;|800|||||||&#8221; custom_margin=&#8221;-122px||||false|false&#8221; custom_margin_tablet=&#8221;-84px||||false|false&#8221; custom_margin_phone=&#8221;-37px||||false|false&#8221; custom_margin_last_edited=&#8221;on|phone&#8221; text_font_size_tablet=&#8221;90px&#8221; text_font_size_phone=&#8221;40px&#8221; text_font_size_last_edited=&#8221;on|desktop&#8221; global_colors_info=&#8221;{}&#8221;]<\/p>\n<p>History<\/p>\n<p>[\/et_pb_text][\/et_pb_column][\/et_pb_row][\/et_pb_section][et_pb_section fb_built=&#8221;1&#8243; _builder_version=&#8221;4.9.4&#8243; _module_preset=&#8221;eb62bc37-1577-4601-9734-3c5af6767899&#8243; sticky_offset_top=&#8221;58px&#8221; sticky_offset_surrounding=&#8221;on&#8221; sticky_transition=&#8221;on&#8221; locked=&#8221;off&#8221; global_colors_info=&#8221;{}&#8221;][et_pb_row _builder_version=&#8221;4.9.10&#8243; _module_preset=&#8221;ba601a15-9f30-4a87-898b-2f7cb8b2fcab&#8221; global_colors_info=&#8221;{}&#8221; custom_padding__sticky_enabled=&#8221;off|desktop&#8221; custom_padding__sticky=&#8221;||13px||false|false&#8221;][et_pb_column type=&#8221;4_4&#8243; _builder_version=&#8221;4.7.4&#8243; _module_preset=&#8221;default&#8221; global_colors_info=&#8221;{}&#8221;][et_pb_menu menu_id=&#8221;65&#8243; _builder_version=&#8221;4.9.10&#8243; _module_preset=&#8221;8edccd34-3912-4b4d-b26c-0765567b045d&#8221; global_colors_info=&#8221;{}&#8221;][\/et_pb_menu][\/et_pb_column][\/et_pb_row][\/et_pb_section][et_pb_section fb_built=&#8221;1&#8243; custom_padding_last_edited=&#8221;on|tablet&#8221; admin_label=&#8221;Schoolin Content &#8211; Tina&#8221; module_id=&#8221;first&#8221; module_class=&#8221;tina_backdoor_man_content&#8221; _builder_version=&#8221;4.10.8&#8243; custom_padding=&#8221;80px||80px||true|false&#8221; custom_padding_tablet=&#8221;40px||40px|0px|false|false&#8221; custom_padding_phone=&#8221;40px||40px|0px|false|false&#8221; collapsed=&#8221;off&#8221; global_colors_info=&#8221;{}&#8221;][et_pb_row use_custom_gutter=&#8221;on&#8221; gutter_width=&#8221;2&#8243; admin_label=&#8221;Schoolin Content &#8211; Tina &#8211; Row&#8221; _builder_version=&#8221;4.10.8&#8243; width=&#8221;90%&#8221; global_colors_info=&#8221;{}&#8221;][et_pb_column type=&#8221;4_4&#8243; _builder_version=&#8221;4.10.8&#8243; global_colors_info=&#8221;{}&#8221;][et_pb_text _builder_version=&#8221;4.10.8&#8243; _module_preset=&#8221;default&#8221; text_font=&#8221;||||||||&#8221; text_font_size=&#8221;20px&#8221; custom_css_main_element=&#8221;font-weight:400;&#8221; global_colors_info=&#8221;{}&#8221;]<\/p>\n<h1>The history of SIBE<\/h1>\n<p>[\/et_pb_text][\/et_pb_column][\/et_pb_row][et_pb_row _builder_version=&#8221;4.11.2&#8243; _module_preset=&#8221;default&#8221; global_colors_info=&#8221;{}&#8221;][et_pb_column type=&#8221;4_4&#8243; _builder_version=&#8221;4.11.2&#8243; _module_preset=&#8221;default&#8221; global_colors_info=&#8221;{}&#8221;][dipi_timeline start_position=&#8221;right&#8221; timeline_line_color=&#8221;#DEC79B&#8221; timeline_active_line_color=&#8221;#001CAC&#8221; card_arrow_color=&#8221;#F2F2F2&#8243; _builder_version=&#8221;4.14.9&#8243; _module_preset=&#8221;default&#8221; hover_enabled=&#8221;0&#8243; global_colors_info=&#8221;{}&#8221; sticky_enabled=&#8221;0&#8243;][dipi_timeline_item admin_label=&#8221;2017&#8243; ribbon=&#8221;2017&#8243; title=&#8221;SIBE Scientific Projects GmbH&#8221; timeline_icon_color=&#8221;#ffffff&#8221; ribbon_circle_color=&#8221;#001CAC&#8221; _builder_version=&#8221;4.14.9&#8243; _module_preset=&#8221;default&#8221; header_font=&#8221;|600|||||||&#8221; header_font_size=&#8221;18px&#8221; body_font=&#8221;|300|||||||&#8221; ribbon_text_font=&#8221;||||||||&#8221; ribbon_text_font_size=&#8221;24px&#8221; background_color=&#8221;#F2F2F2&#8243; background_enable_color=&#8221;on&#8221; hover_enabled=&#8221;0&#8243; global_colors_info=&#8221;{}&#8221; sticky_enabled=&#8221;0&#8243;]Foundation of SIBE Scientific Projects GmbH and start of the doctoral program &#8220;Doctor of Business Administration (DBA)&#8221; in cooperation with the Edinburgh Business School of Heriot-Watt University[\/dipi_timeline_item][dipi_timeline_item admin_label=&#8221;2015&#8243; ribbon=&#8221;2015&#8243; timeline_icon_color=&#8221;#232323&#8243; ribbon_circle_color=&#8221;#DEC79B&#8221; _builder_version=&#8221;4.14.9&#8243; _module_preset=&#8221;default&#8221; header_font=&#8221;|600|||||||&#8221; header_font_size=&#8221;18px&#8221; body_font=&#8221;|300|||||||&#8221; ribbon_text_font=&#8221;||||||||&#8221; ribbon_text_font_size=&#8221;24px&#8221; hover_enabled=&#8221;0&#8243; global_colors_info=&#8221;{}&#8221; sticky_enabled=&#8221;0&#8243;]<\/p>\n<ul>\n<li>Start of the online study program &#8220;M.A.\/MBA(USA)&#8221; as a dual degree with the US-American Post University<\/li>\n<li>Start of the online program &#8220;Master of Laws in International Business Law (LL.M.)&#8221;.<\/li>\n<li>Premium seal of the FIBAA for the &#8220;M.Sc. &amp; M.A.&#8221; (Top 3% in Germany)<\/li>\n<\/ul>\n<p>[\/dipi_timeline_item][dipi_timeline_item admin_label=&#8221;2014&#8243; ribbon=&#8221;2014&#8243; timeline_icon_color=&#8221;#232323&#8243; ribbon_circle_color=&#8221;#DEC79B&#8221; _builder_version=&#8221;4.14.9&#8243; _module_preset=&#8221;default&#8221; header_font=&#8221;|600|||||||&#8221; header_font_size=&#8221;18px&#8221; body_font=&#8221;|300|||||||&#8221; ribbon_text_font=&#8221;||||||||&#8221; ribbon_text_font_size=&#8221;24px&#8221; hover_enabled=&#8221;0&#8243; global_colors_info=&#8221;{}&#8221; sticky_enabled=&#8221;0&#8243;]Werner G. Faix and Stefanie Kisgen are responsible for the executive management of SIBE.[\/dipi_timeline_item][dipi_timeline_item admin_label=&#8221;2011&#8243; ribbon=&#8221;2011&#8243; timeline_icon_color=&#8221;#232323&#8243; ribbon_circle_color=&#8221;#DEC79B&#8221; _builder_version=&#8221;4.14.9&#8243; _module_preset=&#8221;default&#8221; header_font=&#8221;|600|||||||&#8221; header_font_size=&#8221;18px&#8221; body_font=&#8221;|300|||||||&#8221; ribbon_text_font=&#8221;||||||||&#8221; ribbon_text_font_size=&#8221;24px&#8221; hover_enabled=&#8221;0&#8243; global_colors_info=&#8221;{}&#8221; sticky_enabled=&#8221;0&#8243;]Dual degree option with the Brazilian partner universities Universidade de Taubat\u00e9 (UNITAU), Instituto Mau\u00e1 de Tecnologia (MAUA) and Universidade Cat\u00f3lica de Bras\u00edlia (UCB)[\/dipi_timeline_item][dipi_timeline_item admin_label=&#8221;2008&#8243; ribbon=&#8221;2008&#8243; title=&#8221;Master of Arts in General Management (M.A.)&#8221; timeline_icon_color=&#8221;#232323&#8243; ribbon_circle_color=&#8221;#DEC79B&#8221; _builder_version=&#8221;4.14.9&#8243; _module_preset=&#8221;default&#8221; header_font=&#8221;|600|||||||&#8221; header_font_size=&#8221;18px&#8221; body_font=&#8221;|300|||||||&#8221; ribbon_text_font=&#8221;||||||||&#8221; ribbon_text_font_size=&#8221;24px&#8221; hover_enabled=&#8221;0&#8243; global_colors_info=&#8221;{}&#8221; sticky_enabled=&#8221;0&#8243;]Start of the &#8220;Master of Arts in General Management (M.A.)&#8221;[\/dipi_timeline_item][dipi_timeline_item admin_label=&#8221;2007&#8243; ribbon=&#8221;2007&#8243; timeline_icon_color=&#8221;#232323&#8243; ribbon_circle_color=&#8221;#DEC79B&#8221; _builder_version=&#8221;4.14.9&#8243; _module_preset=&#8221;default&#8221; header_font=&#8221;|600|||||||&#8221; header_font_size=&#8221;18px&#8221; body_font=&#8221;|300|||||||&#8221; ribbon_text_font=&#8221;||||||||&#8221; ribbon_text_font_size=&#8221;24px&#8221; hover_enabled=&#8221;0&#8243; global_colors_info=&#8221;{}&#8221; sticky_enabled=&#8221;0&#8243;]As an extension of SIBE&#8217;s portfolio, the &#8220;Master of Science in International Management (M.Sc.)&#8221; is developed and implemented by Stefanie Kisgen, the current managing director of the SIBE[\/dipi_timeline_item][dipi_timeline_item admin_label=&#8221;2006&#8243; ribbon=&#8221;2006&#8243; title=&#8221;Foundation of SAPHIR Deutschland GmbH&#8221; timeline_icon_color=&#8221;#232323&#8243; ribbon_circle_color=&#8221;#DEC79B&#8221; _builder_version=&#8221;4.14.9&#8243; _module_preset=&#8221;default&#8221; header_font=&#8221;|600|||||||&#8221; header_font_size=&#8221;18px&#8221; body_font=&#8221;|300|||||||&#8221; ribbon_text_font=&#8221;||||||||&#8221; ribbon_text_font_size=&#8221;24px&#8221; hover_enabled=&#8221;0&#8243; global_colors_info=&#8221;{}&#8221; sticky_enabled=&#8221;0&#8243;][\/dipi_timeline_item][dipi_timeline_item admin_label=&#8221;2003&#8243; ribbon=&#8221;2003&#8243; title=&#8221;Steinbeis University receives the right to award doctorates&#8221; timeline_icon_color=&#8221;#232323&#8243; ribbon_circle_color=&#8221;#DEC79B&#8221; _builder_version=&#8221;4.14.9&#8243; _module_preset=&#8221;default&#8221; header_font=&#8221;|600|||||||&#8221; header_font_size=&#8221;18px&#8221; body_font=&#8221;|300|||||||&#8221; ribbon_text_font=&#8221;||||||||&#8221; ribbon_text_font_size=&#8221;24px&#8221; hover_enabled=&#8221;0&#8243; global_colors_info=&#8221;{}&#8221; sticky_enabled=&#8221;0&#8243;][\/dipi_timeline_item][dipi_timeline_item admin_label=&#8221;2002&#8243; ribbon=&#8221;2002&#8243; title=&#8221;Representative office in China (Shanghai) is established&#8221; timeline_icon_color=&#8221;#232323&#8243; ribbon_circle_color=&#8221;#DEC79B&#8221; _builder_version=&#8221;4.14.9&#8243; _module_preset=&#8221;default&#8221; header_font=&#8221;|600|||||||&#8221; header_font_size=&#8221;18px&#8221; body_font=&#8221;|300|||||||&#8221; ribbon_text_font=&#8221;||||||||&#8221; ribbon_text_font_size=&#8221;24px&#8221; hover_enabled=&#8221;0&#8243; global_colors_info=&#8221;{}&#8221; sticky_enabled=&#8221;0&#8243;][\/dipi_timeline_item][dipi_timeline_item admin_label=&#8221;2001&#8243; ribbon=&#8221;2001&#8243; title=&#8221;Representative office in Brazil (S\u00e3o Paulo) is established&#8221; timeline_icon_color=&#8221;#232323&#8243; ribbon_circle_color=&#8221;#DEC79B&#8221; _builder_version=&#8221;4.14.9&#8243; _module_preset=&#8221;default&#8221; header_font=&#8221;|600|||||||&#8221; header_font_size=&#8221;18px&#8221; body_font=&#8221;|300|||||||&#8221; ribbon_text_font=&#8221;||||||||&#8221; ribbon_text_font_size=&#8221;24px&#8221; hover_enabled=&#8221;0&#8243; global_colors_info=&#8221;{}&#8221; sticky_enabled=&#8221;0&#8243;][\/dipi_timeline_item][dipi_timeline_item admin_label=&#8221;1998&#8243; ribbon=&#8221;1998&#8243; timeline_icon_color=&#8221;#232323&#8243; ribbon_circle_color=&#8221;#DEC79B&#8221; _builder_version=&#8221;4.14.9&#8243; _module_preset=&#8221;default&#8221; header_font=&#8221;|600|||||||&#8221; header_font_size=&#8221;18px&#8221; body_font=&#8221;|300|||||||&#8221; ribbon_text_font=&#8221;||||||||&#8221; ribbon_text_font_size=&#8221;24px&#8221; hover_enabled=&#8221;0&#8243; global_colors_info=&#8221;{}&#8221; sticky_enabled=&#8221;0&#8243;]<\/p>\n<ul>\n<li>Development of the study programs &#8220;International MBA Globalisation Management&#8221; and &#8220;General MBA Growth Management&#8221; (growth campaign)<\/li>\n<li>Foundation of the School of International Business and Entrepreneurship (SIBE) within the Steinbeis University (SH) as an independent part of the SH<\/li>\n<\/ul>\n<p>[\/dipi_timeline_item][dipi_timeline_item admin_label=&#8221;1997&#8243; ribbon=&#8221;1997&#8243; title=&#8221;The Executive MBA Program is accredited by the FIBAA&#8221; timeline_icon_color=&#8221;#232323&#8243; ribbon_circle_color=&#8221;#DEC79B&#8221; _builder_version=&#8221;4.14.9&#8243; _module_preset=&#8221;default&#8221; header_font=&#8221;|600|||||||&#8221; header_font_size=&#8221;18px&#8221; body_font=&#8221;|300|||||||&#8221; ribbon_text_font=&#8221;||||||||&#8221; ribbon_text_font_size=&#8221;24px&#8221; hover_enabled=&#8221;0&#8243; global_colors_info=&#8221;{}&#8221; sticky_enabled=&#8221;0&#8243;][\/dipi_timeline_item][dipi_timeline_item admin_label=&#8221;1993&#8243; ribbon=&#8221;1993&#8243; title=&#8221;Foundation of the Steinbeis Academy for Economic Development&#8221; timeline_icon_color=&#8221;#232323&#8243; ribbon_circle_color=&#8221;#DEC79B&#8221; _builder_version=&#8221;4.14.9&#8243; _module_preset=&#8221;default&#8221; header_font=&#8221;|600|||||||&#8221; header_font_size=&#8221;18px&#8221; body_font=&#8221;|300|||||||&#8221; ribbon_text_font=&#8221;||||||||&#8221; ribbon_text_font_size=&#8221;24px&#8221; hover_enabled=&#8221;0&#8243; global_colors_info=&#8221;{}&#8221; sticky_enabled=&#8221;0&#8243;]<\/p>\n<ul>\n<li>Foundation of the Steinbeis Academy for Economic Development by Werner G. Faix within the Steinbeis Foundation for Economic Development<\/li>\n<li>Development of the Executive MBA program together with Danube University Krems<\/li>\n<\/ul>\n<p>[\/dipi_timeline_item][\/dipi_timeline][\/et_pb_column][\/et_pb_row][\/et_pb_section]<\/p>\n","protected":false},"excerpt":{"rendered":"<p>HistoryThe history of SIBE<div class=\"et_pb_module dipi_timeline dipi_timeline_0\">\n\t\t\t\t\n\t\t\t\t\n\t\t\t\t\n\t\t\t\t\n\t\t\t\t\n\t\t\t\t\n\t\t\t\t<div class=\"et_pb_module_inner\">\n\t\t\t\t\t<div class=\"dipi_timeline_custom_classes dipi_timeline_layout_mixed dipi_timeline_layout_right_tablet dipi_timeline_layout_right_phone startpos-right dipi_timeline_show-card-arrow\">\n        <div class=\"dipi_timeline_container\">\n          <div class=\"dipi-timeline-items\"><\/div>\n          <div class=\"dipi-timeline-line\"><\/div><div class=\"dipi-timeline-line__active\"><\/div>\n        <\/div>\n      <\/div>\n      \n\t\t\t\t<\/div>\n\t\t\t<\/div><div class=\"et_pb_module dipi_timeline_item dipi_timeline_item_0\">\n\t\t\t\t\n\t\t\t\t\n\t\t\t\t\n\t\t\t\t\n\t\t\t\t\n\t\t\t\t\n\t\t\t\t<div class=\"et_pb_module_inner\">\n\t\t\t\t\t<div class=\"dipi_timeline_item_custom_classes dipi_timeline_item_position_top et_pb_bg_layout_ \" data-config=\"{&quot;anim_name&quot;:&quot;fadeIn&quot;,&quot;anim_start_viewport&quot;:&quot;75%&quot;} \">\n        <div class=\"dipi_timeline_item_container\">\n          <div class=\"dipi_timeline_ribbon\"><span class=\"dipi_timeline_ribbon_text\">2017<\/span><\/div>\n          <div class=\"et_pb_image_wrap ribbon-icon-wrap\"><span class=\"et_pb_icon_wrap\"><span class=\"ribbon-icon ribbon-icon-circle\">L<\/span><\/span><\/div>\n          <div class=\"dipi_timeline_item_card-wrap  need_animation \">\n            <div class=\"dipi_timeline_item_card\">\n              \n              <div class=\"dipi_timeline_item_content\">\n                <div class=\"dipi_timeline_ribbon\"><span class=\"dipi_timeline_ribbon_text\">2017<\/span><\/div>\n                <div class=\"dipi_timeline_item_content_text\">\n                  <h4 class=\"dipi_timeline_item_header\"><span>SIBE Scientific Projects GmbH<\/span><\/h4>\n                  \n                <\/div>\n                \n              <\/div> <!-- .dipi_timeline_item_content -->\n            <\/div> <!-- .dipi_timeline_item_card -->\n          <\/div>\n        <\/div>\n      <\/div>\n\t\t\n\t\t\t\t<\/div>\n\t\t\t<\/div>Foundation of SIBE Scientific Projects GmbH and start of the doctoral program &#8220;Doctor of Business Administration (DBA)&#8221; in cooperation with the Edinburgh Business [&hellip;]<\/p>\n","protected":false},"author":1,"featured_media":0,"parent":295000,"menu_order":2,"comment_status":"closed","ping_status":"closed","template":"","meta":{"_acf_changed":false,"_et_pb_use_builder":"on","_et_pb_old_content":"","_et_gb_content_width":"","footnotes":""},"dipi_cpt_category":[],"class_list":["post-295083","page","type-page","status-publish","hentry"],"acf":[],"yoast_head":"<!-- This site is optimized with the Yoast SEO Premium plugin v27.2 (Yoast SEO v27.5) - https:\/\/yoast.com\/product\/yoast-seo-premium-wordpress\/ -->\n<title>History &#8211; SIBE | Steinbeis-Hochschule<\/title>\n<meta name=\"robots\" content=\"index, follow, max-snippet:-1, max-image-preview:large, max-video-preview:-1\" \/>\n<link rel=\"canonical\" href=\"https:\/\/www.steinbeis-sibe.de\/en\/sibe\/about-us\/history\/\" \/>\n<meta property=\"og:locale\" content=\"en_US\" \/>\n<meta property=\"og:type\" content=\"article\" \/>\n<meta property=\"og:title\" content=\"History\" \/>\n<meta property=\"og:description\" content=\"HistoryThe history of SIBEFoundation of SIBE Scientific Projects GmbH and start of the doctoral program &quot;Doctor of Business Administration (DBA)&quot; in cooperation with the Edinburgh Business [&hellip;]\" \/>\n<meta property=\"og:site_name\" content=\"SIBE | Steinbeis-Hochschule\" \/>\n<meta property=\"article:modified_time\" content=\"2025-10-20T08:55:06+00:00\" \/>\n<meta name=\"twitter:card\" content=\"summary_large_image\" \/>\n<script type=\"application\/ld+json\" class=\"yoast-schema-graph\">{\"@context\":\"https:\\\/\\\/schema.org\",\"@graph\":[{\"@type\":\"WebPage\",\"@id\":\"https:\\\/\\\/www.steinbeis-sibe.de\\\/en\\\/sibe\\\/about-us\\\/history\\\/\",\"url\":\"https:\\\/\\\/www.steinbeis-sibe.de\\\/en\\\/sibe\\\/about-us\\\/history\\\/\",\"name\":\"History &#8211; SIBE | Steinbeis-Hochschule\",\"isPartOf\":{\"@id\":\"https:\\\/\\\/www.steinbeis-sibe.de\\\/en\\\/#website\"},\"datePublished\":\"2021-11-02T18:35:04+00:00\",\"dateModified\":\"2025-10-20T08:55:06+00:00\",\"breadcrumb\":{\"@id\":\"https:\\\/\\\/www.steinbeis-sibe.de\\\/en\\\/sibe\\\/about-us\\\/history\\\/#breadcrumb\"},\"inLanguage\":\"en-US\",\"potentialAction\":[{\"@type\":\"ReadAction\",\"target\":[\"https:\\\/\\\/www.steinbeis-sibe.de\\\/en\\\/sibe\\\/about-us\\\/history\\\/\"]}]},{\"@type\":\"BreadcrumbList\",\"@id\":\"https:\\\/\\\/www.steinbeis-sibe.de\\\/en\\\/sibe\\\/about-us\\\/history\\\/#breadcrumb\",\"itemListElement\":[{\"@type\":\"ListItem\",\"position\":1,\"name\":\"Startseite\",\"item\":\"https:\\\/\\\/www.steinbeis-sibe.de\\\/en\\\/home\\\/\"},{\"@type\":\"ListItem\",\"position\":2,\"name\":\"SIBE\",\"item\":\"https:\\\/\\\/www.steinbeis-sibe.de\\\/en\\\/sibe\\\/\"},{\"@type\":\"ListItem\",\"position\":3,\"name\":\"About us\",\"item\":\"https:\\\/\\\/www.steinbeis-sibe.de\\\/en\\\/sibe\\\/about-us\\\/\"},{\"@type\":\"ListItem\",\"position\":4,\"name\":\"History\"}]},{\"@type\":\"WebSite\",\"@id\":\"https:\\\/\\\/www.steinbeis-sibe.de\\\/en\\\/#website\",\"url\":\"https:\\\/\\\/www.steinbeis-sibe.de\\\/en\\\/\",\"name\":\"SIBE | Steinbeis-Hochschule\",\"description\":\"Create Your Future: Masterprogramme seit mehr als 25 Jahren.\",\"publisher\":{\"@id\":\"https:\\\/\\\/www.steinbeis-sibe.de\\\/en\\\/#organization\"},\"potentialAction\":[{\"@type\":\"SearchAction\",\"target\":{\"@type\":\"EntryPoint\",\"urlTemplate\":\"https:\\\/\\\/www.steinbeis-sibe.de\\\/en\\\/?s={search_term_string}\"},\"query-input\":{\"@type\":\"PropertyValueSpecification\",\"valueRequired\":true,\"valueName\":\"search_term_string\"}}],\"inLanguage\":\"en-US\"},{\"@type\":\"Organization\",\"@id\":\"https:\\\/\\\/www.steinbeis-sibe.de\\\/en\\\/#organization\",\"name\":\"Steinbeis School of International Business and Entrepreneurship SIBE\",\"url\":\"https:\\\/\\\/www.steinbeis-sibe.de\\\/en\\\/\",\"logo\":{\"@type\":\"ImageObject\",\"inLanguage\":\"en-US\",\"@id\":\"https:\\\/\\\/www.steinbeis-sibe.de\\\/en\\\/#\\\/schema\\\/logo\\\/image\\\/\",\"url\":\"https:\\\/\\\/www.steinbeis-sibe.de\\\/wp-content\\\/uploads\\\/2020\\\/09\\\/SIBE_Verbundlogo_2019_schwarz.png\",\"contentUrl\":\"https:\\\/\\\/www.steinbeis-sibe.de\\\/wp-content\\\/uploads\\\/2020\\\/09\\\/SIBE_Verbundlogo_2019_schwarz.png\",\"width\":582,\"height\":129,\"caption\":\"Steinbeis School of International Business and Entrepreneurship SIBE\"},\"image\":{\"@id\":\"https:\\\/\\\/www.steinbeis-sibe.de\\\/en\\\/#\\\/schema\\\/logo\\\/image\\\/\"}}]}<\/script>\n<!-- \/ Yoast SEO Premium plugin. -->","yoast_head_json":{"title":"History &#8211; SIBE | Steinbeis-Hochschule","robots":{"index":"index","follow":"follow","max-snippet":"max-snippet:-1","max-image-preview":"max-image-preview:large","max-video-preview":"max-video-preview:-1"},"canonical":"https:\/\/www.steinbeis-sibe.de\/en\/sibe\/about-us\/history\/","og_locale":"en_US","og_type":"article","og_title":"History","og_site_name":"SIBE | Steinbeis-Hochschule","article_modified_time":"2025-10-20T08:55:06+00:00","twitter_card":"summary_large_image","schema":{"@context":"https:\/\/schema.org","@graph":[{"@type":"WebPage","@id":"https:\/\/www.steinbeis-sibe.de\/en\/sibe\/about-us\/history\/","url":"https:\/\/www.steinbeis-sibe.de\/en\/sibe\/about-us\/history\/","name":"History &#8211; SIBE | Steinbeis-Hochschule","isPartOf":{"@id":"https:\/\/www.steinbeis-sibe.de\/en\/#website"},"datePublished":"2021-11-02T18:35:04+00:00","dateModified":"2025-10-20T08:55:06+00:00","breadcrumb":{"@id":"https:\/\/www.steinbeis-sibe.de\/en\/sibe\/about-us\/history\/#breadcrumb"},"inLanguage":"en-US","potentialAction":[{"@type":"ReadAction","target":["https:\/\/www.steinbeis-sibe.de\/en\/sibe\/about-us\/history\/"]}]},{"@type":"BreadcrumbList","@id":"https:\/\/www.steinbeis-sibe.de\/en\/sibe\/about-us\/history\/#breadcrumb","itemListElement":[{"@type":"ListItem","position":1,"name":"Startseite","item":"https:\/\/www.steinbeis-sibe.de\/en\/home\/"},{"@type":"ListItem","position":2,"name":"SIBE","item":"https:\/\/www.steinbeis-sibe.de\/en\/sibe\/"},{"@type":"ListItem","position":3,"name":"About us","item":"https:\/\/www.steinbeis-sibe.de\/en\/sibe\/about-us\/"},{"@type":"ListItem","position":4,"name":"History"}]},{"@type":"WebSite","@id":"https:\/\/www.steinbeis-sibe.de\/en\/#website","url":"https:\/\/www.steinbeis-sibe.de\/en\/","name":"SIBE | Steinbeis-Hochschule","description":"Create Your Future: Masterprogramme seit mehr als 25 Jahren.","publisher":{"@id":"https:\/\/www.steinbeis-sibe.de\/en\/#organization"},"potentialAction":[{"@type":"SearchAction","target":{"@type":"EntryPoint","urlTemplate":"https:\/\/www.steinbeis-sibe.de\/en\/?s={search_term_string}"},"query-input":{"@type":"PropertyValueSpecification","valueRequired":true,"valueName":"search_term_string"}}],"inLanguage":"en-US"},{"@type":"Organization","@id":"https:\/\/www.steinbeis-sibe.de\/en\/#organization","name":"Steinbeis School of International Business and Entrepreneurship SIBE","url":"https:\/\/www.steinbeis-sibe.de\/en\/","logo":{"@type":"ImageObject","inLanguage":"en-US","@id":"https:\/\/www.steinbeis-sibe.de\/en\/#\/schema\/logo\/image\/","url":"https:\/\/www.steinbeis-sibe.de\/wp-content\/uploads\/2020\/09\/SIBE_Verbundlogo_2019_schwarz.png","contentUrl":"https:\/\/www.steinbeis-sibe.de\/wp-content\/uploads\/2020\/09\/SIBE_Verbundlogo_2019_schwarz.png","width":582,"height":129,"caption":"Steinbeis School of International Business and Entrepreneurship SIBE"},"image":{"@id":"https:\/\/www.steinbeis-sibe.de\/en\/#\/schema\/logo\/image\/"}}]}},"_links":{"self":[{"href":"https:\/\/www.steinbeis-sibe.de\/en\/wp-json\/wp\/v2\/pages\/295083","targetHints":{"allow":["GET"]}}],"collection":[{"href":"https:\/\/www.steinbeis-sibe.de\/en\/wp-json\/wp\/v2\/pages"}],"about":[{"href":"https:\/\/www.steinbeis-sibe.de\/en\/wp-json\/wp\/v2\/types\/page"}],"author":[{"embeddable":true,"href":"https:\/\/www.steinbeis-sibe.de\/en\/wp-json\/wp\/v2\/users\/1"}],"replies":[{"embeddable":true,"href":"https:\/\/www.steinbeis-sibe.de\/en\/wp-json\/wp\/v2\/comments?post=295083"}],"version-history":[{"count":7,"href":"https:\/\/www.steinbeis-sibe.de\/en\/wp-json\/wp\/v2\/pages\/295083\/revisions"}],"predecessor-version":[{"id":304857,"href":"https:\/\/www.steinbeis-sibe.de\/en\/wp-json\/wp\/v2\/pages\/295083\/revisions\/304857"}],"up":[{"embeddable":true,"href":"https:\/\/www.steinbeis-sibe.de\/en\/wp-json\/wp\/v2\/pages\/295000"}],"wp:attachment":[{"href":"https:\/\/www.steinbeis-sibe.de\/en\/wp-json\/wp\/v2\/media?parent=295083"}],"wp:term":[{"taxonomy":"dipi_cpt_category","embeddable":true,"href":"https:\/\/www.steinbeis-sibe.de\/en\/wp-json\/wp\/v2\/dipi_cpt_category?post=295083"}],"curies":[{"name":"wp","href":"https:\/\/api.w.org\/{rel}","templated":true}]}}